{"id":196,"date":"2021-04-29T21:49:13","date_gmt":"2021-04-29T21:49:13","guid":{"rendered":"http:\/\/electricasolyce.com.mx\/?page_id=196"},"modified":"2021-05-14T00:26:38","modified_gmt":"2021-05-14T00:26:38","slug":"instalaciones-tecnologicas","status":"publish","type":"page","link":"http:\/\/electricasolyce.com.mx\/?page_id=196","title":{"rendered":"SERVICIOS INMOBILIARIOS"},"content":{"rendered":"\t\t<div data-elementor-type=\"wp-page\" data-elementor-id=\"196\" class=\"elementor elementor-196\">\n\t\t\t\t\t\t\t\t\t<section class=\"elementor-section elementor-top-section elementor-element elementor-element-3a8baef elementor-section-boxed elementor-section-height-default elementor-section-height-default\" data-id=\"3a8baef\" data-element_type=\"section\">\n\t\t\t\t\t\t<div class=\"elementor-container elementor-column-gap-default\">\n\t\t\t\t\t<div class=\"elementor-column elementor-col-100 elementor-top-column elementor-element elementor-element-45c52ec\" data-id=\"45c52ec\" data-element_type=\"column\">\n\t\t\t<div class=\"elementor-widget-wrap elementor-element-populated\">\n\t\t\t\t\t\t\t\t<div class=\"elementor-element elementor-element-d016e97 elementor-widget elementor-widget-text-editor\" data-id=\"d016e97\" data-element_type=\"widget\" data-widget_type=\"text-editor.default\">\n\t\t\t\t<div class=\"elementor-widget-container\">\n\t\t\t\t\t\t\t<div class=\"page\" title=\"Page 2\"><div class=\"layoutArea\"><div class=\"column\"><p>Proyecto Ejecutivo<\/p><\/div><\/div><div class=\"section\"><div class=\"layoutArea\"><div class=\"column\"><ul><li><p>Planos Arquitecto\u0301nicos<\/p><\/li><li><p>Planos Estructurales<\/p><\/li><li><p>Planos de Instalacio\u0301n Hidra\u0301ulica<\/p><\/li><li><p>Planos de Instalacio\u0301n Sanitaria<\/p><\/li><li><p>Planos de Instalacio\u0301n Ele\u0301ctrica<\/p><\/li><li><p>Planos de Especialidad (Canceleri\u0301a y Carpinteri\u0301a)<\/p><\/li><li><p>Render (3 vistas)<\/p><\/li><li><p>Maquila de Planos en Autocad<\/p><\/li><\/ul><\/div><\/div><\/div><div class=\"layoutArea\"><div class=\"column\"><p>Ejecucio\u0301n del proyecto<\/p><\/div><\/div><table><tbody><tr><td>\u00a0<\/td><\/tr><tr><td><div class=\"layoutArea\"><div class=\"column\"><ul><li>Obra Civil en Mamposter\u00eda<\/li><li><p>Obra Civil en Estructura Meta\u0301lica<\/p><\/li><li><p>Vivienda Vertical<\/p><\/li><li><p>Vivienda Horizontal<\/p><\/li><li><p>Ejecucio\u0301n de Instalaciones (Hidrosanitarias y Ele\u0301ctricas)<\/p><\/li><\/ul><\/div><\/div><\/td><\/tr><\/tbody><\/table><\/div>\t\t\t\t\t\t<\/div>\n\t\t\t\t<\/div>\n\t\t\t\t\t<\/div>\n\t\t<\/div>\n\t\t\t\t\t\t\t<\/div>\n\t\t<\/section>\n\t\t\t\t\t\t\t<\/div>\n\t\t","protected":false},"excerpt":{"rendered":"<p>Proyecto Ejecutivo Planos Arquitect\u00f3nicos Planos Estructurales Planos de Instalaci\u00f3n Hidr\u00e1ulica Planos de Instalaci\u00f3n Sanitaria Planos de Instalaci\u00f3n El\u00e9ctrica Planos de Especialidad (Canceler\u00eda y Carpinter\u00eda) Render (3 vistas) Maquila de Planos en Autocad Ejecuci\u00f3n del proyecto &nbsp; Obra Civil en Mamposter\u00eda Obra Civil en Estructura Met\u00e1lica Vivienda Vertical Vivienda Horizontal Ejecuci\u00f3n de Instalaciones (Hidrosanitarias y El\u00e9ctricas)<\/p>\n","protected":false},"author":1,"featured_media":369,"parent":0,"menu_order":0,"comment_status":"closed","ping_status":"closed","template":"","meta":{"footnotes":""},"class_list":["post-196","page","type-page","status-publish","has-post-thumbnail","hentry"],"_links":{"self":[{"href":"http:\/\/electricasolyce.com.mx\/index.php?rest_route=\/wp\/v2\/pages\/196","targetHints":{"allow":["GET"]}}],"collection":[{"href":"http:\/\/electricasolyce.com.mx\/index.php?rest_route=\/wp\/v2\/pages"}],"about":[{"href":"http:\/\/electricasolyce.com.mx\/index.php?rest_route=\/wp\/v2\/types\/page"}],"author":[{"embeddable":true,"href":"http:\/\/electricasolyce.com.mx\/index.php?rest_route=\/wp\/v2\/users\/1"}],"replies":[{"embeddable":true,"href":"http:\/\/electricasolyce.com.mx\/index.php?rest_route=%2Fwp%2Fv2%2Fcomments&post=196"}],"version-history":[{"count":15,"href":"http:\/\/electricasolyce.com.mx\/index.php?rest_route=\/wp\/v2\/pages\/196\/revisions"}],"predecessor-version":[{"id":370,"href":"http:\/\/electricasolyce.com.mx\/index.php?rest_route=\/wp\/v2\/pages\/196\/revisions\/370"}],"wp:featuredmedia":[{"embeddable":true,"href":"http:\/\/electricasolyce.com.mx\/index.php?rest_route=\/wp\/v2\/media\/369"}],"wp:attachment":[{"href":"http:\/\/electricasolyce.com.mx\/index.php?rest_route=%2Fwp%2Fv2%2Fmedia&parent=196"}],"curies":[{"name":"wp","href":"https:\/\/api.w.org\/{rel}","templated":true}]}}